{"id":7270,"date":"2024-05-21T09:57:04","date_gmt":"2024-05-21T12:57:04","guid":{"rendered":"https:\/\/vaiprocampo.com.br\/services\/"},"modified":"2024-12-24T10:53:05","modified_gmt":"2024-12-24T13:53:05","slug":"apoie","status":"publish","type":"page","link":"https:\/\/adventismovivo.com.br\/en\/apoie\/","title":{"rendered":"Apoie"},"content":{"rendered":"\t\t<div data-elementor-type=\"wp-page\" data-elementor-id=\"7270\" class=\"elementor elementor-7270\" data-elementor-post-type=\"page\">\n\t\t\t\t<div class=\"elementor-element elementor-element-3f4a269e e-flex e-con-boxed e-con e-parent\" data-id=\"3f4a269e\" data-element_type=\"container\" data-e-type=\"container\" data-settings=\"{&quot;background_background&quot;:&quot;classic&quot;}\">\n\t\t\t\t\t<div class=\"e-con-inner\">\n\t\t\t\t<div class=\"elementor-element elementor-element-48f2191a elementor-widget elementor-widget-heading\" data-id=\"48f2191a\" data-element_type=\"widget\" data-e-type=\"widget\" data-widget_type=\"heading.default\">\n\t\t\t\t\t<h1 class=\"elementor-heading-title elementor-size-default\">Apoie<\/h1>\t\t\t\t<\/div>\n\t\t\t\t<div class=\"elementor-element elementor-element-52914c23 elementor-widget elementor-widget-heading\" data-id=\"52914c23\" data-element_type=\"widget\" data-e-type=\"widget\" data-widget_type=\"heading.default\">\n\t\t\t\t\t<h3 class=\"elementor-heading-title elementor-size-default\">Mantenha a mensagem viva!<\/h3>\t\t\t\t<\/div>\n\t\t\t\t\t<\/div>\n\t\t\t\t<\/div>\n\t\t<div class=\"elementor-element elementor-element-6a1d96fc e-flex e-con-boxed e-con e-parent\" data-id=\"6a1d96fc\" data-element_type=\"container\" data-e-type=\"container\" data-settings=\"{&quot;background_background&quot;:&quot;classic&quot;}\">\n\t\t\t\t\t<div class=\"e-con-inner\">\n\t\t\t\t<div class=\"elementor-element elementor-element-7b40b46 elementor-widget elementor-widget-text-editor\" data-id=\"7b40b46\" data-element_type=\"widget\" data-e-type=\"widget\" data-widget_type=\"text-editor.default\">\n\t\t\t\t\t\t\t\t\t<p>Associa\u00e7\u00e3o Mission\u00e1ria Adventismo Vivo<\/p>\n<p>CNPJ: 58.545.806.0001\/45<\/p>\n<p><\/p>\t\t\t\t\t\t\t\t<\/div>\n\t\t\t\t\t<\/div>\n\t\t\t\t<\/div>\n\t\t<div class=\"elementor-element elementor-element-4bb0d057 e-flex e-con-boxed e-con e-parent\" data-id=\"4bb0d057\" data-element_type=\"container\" data-e-type=\"container\" data-settings=\"{&quot;background_background&quot;:&quot;classic&quot;}\">\n\t\t\t\t\t<div class=\"e-con-inner\">\n\t\t<div class=\"elementor-element elementor-element-5a7b8078 e-con-full e-flex e-con e-child\" data-id=\"5a7b8078\" data-element_type=\"container\" data-e-type=\"container\">\n\t\t\t\t<div class=\"elementor-element elementor-element-3baaa16b elementor-widget elementor-widget-heading\" data-id=\"3baaa16b\" data-element_type=\"widget\" data-e-type=\"widget\" data-widget_type=\"heading.default\">\n\t\t\t\t\t<h4 class=\"elementor-heading-title elementor-size-default\">Quer saber mais? Fa\u00e7a contato.<\/h4>\t\t\t\t<\/div>\n\t\t\t\t<div class=\"elementor-element elementor-element-64b857d1 elementor-mobile-align-center elementor-widget elementor-widget-button\" data-id=\"64b857d1\" data-element_type=\"widget\" data-e-type=\"widget\" data-widget_type=\"button.default\">\n\t\t\t\t\t\t\t\t\t\t<a class=\"elementor-button elementor-button-link elementor-size-md\" href=\"https:\/\/adventismovivo.com.br\/en\/contato\/\">\n\t\t\t\t\t\t<span class=\"elementor-button-content-wrapper\">\n\t\t\t\t\t\t<span class=\"elementor-button-icon\">\n\t\t\t\t<svg aria-hidden=\"true\" class=\"e-font-icon-svg e-fas-arrow-right\" viewBox=\"0 0 448 512\" xmlns=\"http:\/\/www.w3.org\/2000\/svg\"><path d=\"M190.5 66.9l22.2-22.2c9.4-9.4 24.6-9.4 33.9 0L441 239c9.4 9.4 9.4 24.6 0 33.9L246.6 467.3c-9.4 9.4-24.6 9.4-33.9 0l-22.2-22.2c-9.5-9.5-9.3-25 .4-34.3L311.4 296H24c-13.3 0-24-10.7-24-24v-32c0-13.3 10.7-24 24-24h287.4L190.9 101.2c-9.8-9.3-10-24.8-.4-34.3z\"><\/path><\/svg>\t\t\t<\/span>\n\t\t\t\t\t\t\t\t\t<span class=\"elementor-button-text\">Contato<\/span>\n\t\t\t\t\t<\/span>\n\t\t\t\t\t<\/a>\n\t\t\t\t\t\t\t\t<\/div>\n\t\t\t\t<\/div>\n\t\t<div class=\"elementor-element elementor-element-74d7795b e-con-full e-flex e-con e-child\" data-id=\"74d7795b\" data-element_type=\"container\" data-e-type=\"container\">\n\t\t\t\t<div class=\"elementor-element elementor-element-16f5bd9e elementor-widget elementor-widget-image\" data-id=\"16f5bd9e\" data-element_type=\"widget\" data-e-type=\"widget\" data-settings=\"{&quot;motion_fx_motion_fx_scrolling&quot;:&quot;yes&quot;,&quot;motion_fx_translateY_effect&quot;:&quot;yes&quot;,&quot;motion_fx_translateY_direction&quot;:&quot;negative&quot;,&quot;motion_fx_translateY_speed&quot;:{&quot;unit&quot;:&quot;px&quot;,&quot;size&quot;:&quot;1&quot;,&quot;sizes&quot;:[]},&quot;motion_fx_devices&quot;:[&quot;desktop&quot;,&quot;tablet&quot;],&quot;motion_fx_translateY_affectedRange&quot;:{&quot;unit&quot;:&quot;%&quot;,&quot;size&quot;:&quot;&quot;,&quot;sizes&quot;:{&quot;start&quot;:&quot;0&quot;,&quot;end&quot;:&quot;50&quot;}}}\" data-widget_type=\"image.default\">\n\t\t\t\t\t\t\t\t\t\t\t\t\t\t\t<img fetchpriority=\"high\" decoding=\"async\" width=\"1920\" height=\"1200\" src=\"https:\/\/adventismovivo.com.br\/wp-content\/uploads\/2024\/08\/Life-Together-Group-Image-Bible-Study-Group.webp\" class=\"attachment-full size-full wp-image-8098\" alt=\"\" srcset=\"https:\/\/adventismovivo.com.br\/wp-content\/uploads\/2024\/08\/Life-Together-Group-Image-Bible-Study-Group.webp 1920w, https:\/\/adventismovivo.com.br\/wp-content\/uploads\/2024\/08\/Life-Together-Group-Image-Bible-Study-Group-510x319.webp 510w, https:\/\/adventismovivo.com.br\/wp-content\/uploads\/2024\/08\/Life-Together-Group-Image-Bible-Study-Group-900x563.webp 900w, https:\/\/adventismovivo.com.br\/wp-content\/uploads\/2024\/08\/Life-Together-Group-Image-Bible-Study-Group-768x480.webp 768w, https:\/\/adventismovivo.com.br\/wp-content\/uploads\/2024\/08\/Life-Together-Group-Image-Bible-Study-Group-1536x960.webp 1536w, https:\/\/adventismovivo.com.br\/wp-content\/uploads\/2024\/08\/Life-Together-Group-Image-Bible-Study-Group-600x375.webp 600w\" sizes=\"(max-width: 1920px) 100vw, 1920px\" \/>\t\t\t\t\t\t\t\t\t\t\t\t\t\t\t<\/div>\n\t\t\t\t<\/div>\n\t\t\t\t\t<\/div>\n\t\t\t\t<\/div>\n\t\t\t\t<\/div>\n\t\t","protected":false},"excerpt":{"rendered":"<p>Apoie Mantenha a mensagem viva! Associa\u00e7\u00e3o Mission\u00e1ria Adventismo Vivo CNPJ: 58.545.806.0001\/45 Quer saber mais? Fa\u00e7a contato. Contato<\/p>","protected":false},"author":1,"featured_media":7282,"parent":0,"menu_order":0,"comment_status":"closed","ping_status":"closed","template":"elementor_header_footer","meta":{"footnotes":""},"class_list":["post-7270","page","type-page","status-publish","has-post-thumbnail","hentry"],"aioseo_notices":[],"_links":{"self":[{"href":"https:\/\/adventismovivo.com.br\/en\/wp-json\/wp\/v2\/pages\/7270","targetHints":{"allow":["GET"]}}],"collection":[{"href":"https:\/\/adventismovivo.com.br\/en\/wp-json\/wp\/v2\/pages"}],"about":[{"href":"https:\/\/adventismovivo.com.br\/en\/wp-json\/wp\/v2\/types\/page"}],"author":[{"embeddable":true,"href":"https:\/\/adventismovivo.com.br\/en\/wp-json\/wp\/v2\/users\/1"}],"replies":[{"embeddable":true,"href":"https:\/\/adventismovivo.com.br\/en\/wp-json\/wp\/v2\/comments?post=7270"}],"version-history":[{"count":31,"href":"https:\/\/adventismovivo.com.br\/en\/wp-json\/wp\/v2\/pages\/7270\/revisions"}],"predecessor-version":[{"id":9633,"href":"https:\/\/adventismovivo.com.br\/en\/wp-json\/wp\/v2\/pages\/7270\/revisions\/9633"}],"wp:featuredmedia":[{"embeddable":true,"href":"https:\/\/adventismovivo.com.br\/en\/wp-json\/wp\/v2\/media\/7282"}],"wp:attachment":[{"href":"https:\/\/adventismovivo.com.br\/en\/wp-json\/wp\/v2\/media?parent=7270"}],"curies":[{"name":"wp","href":"https:\/\/api.w.org\/{rel}","templated":true}]}}