{"id":7283,"date":"2024-05-21T09:57:11","date_gmt":"2024-05-21T12:57:11","guid":{"rendered":"https:\/\/vaiprocampo.com.br\/clients\/"},"modified":"2026-03-30T09:27:31","modified_gmt":"2026-03-30T12:27:31","slug":"sobre","status":"publish","type":"page","link":"https:\/\/adventismovivo.com.br\/en\/sobre\/","title":{"rendered":"About"},"content":{"rendered":"<div data-elementor-type=\"wp-page\" data-elementor-id=\"7283\" class=\"elementor elementor-7283\" data-elementor-post-type=\"page\">\n\t\t\t\t<div class=\"elementor-element elementor-element-55e6208 e-flex e-con-boxed e-con e-parent\" data-id=\"55e6208\" data-element_type=\"container\" data-e-type=\"container\" data-settings=\"{&quot;background_background&quot;:&quot;classic&quot;}\">\n\t\t\t\t\t<div class=\"e-con-inner\">\n\t\t\t\t<div class=\"elementor-element elementor-element-2f38f95 elementor-widget__width-initial elementor-widget elementor-widget-heading\" data-id=\"2f38f95\" data-element_type=\"widget\" data-e-type=\"widget\" data-widget_type=\"heading.default\">\n\t\t\t\t\t<h2 class=\"elementor-heading-title elementor-size-default\">Lorem ipsum dolor\nsit amet <\/h2>\t\t\t\t<\/div>\n\t\t\t\t<div class=\"elementor-element elementor-element-c89dff9 elementor-widget__width-initial elementor-widget elementor-widget-text-editor\" data-id=\"c89dff9\" data-element_type=\"widget\" data-e-type=\"widget\" data-widget_type=\"text-editor.default\">\n\t\t\t\t\t\t\t\t\t<p>Ultrices laoreet lectus odio mauris id. Urna cursus quam praesent scelerisque bibendum at congue eleifend tellus. Tortor convallis metus sed enim nunc at diam.<\/p>\t\t\t\t\t\t\t\t<\/div>\n\t\t\t\t\t<\/div>\n\t\t\t\t<\/div>\n\t\t<div class=\"elementor-element elementor-element-2d813e0 e-flex e-con-boxed e-con e-parent\" data-id=\"2d813e0\" data-element_type=\"container\" data-e-type=\"container\">\n\t\t\t\t\t<div class=\"e-con-inner\">\n\t\t<div class=\"elementor-element elementor-element-b81aae5 e-con-full e-flex e-con e-child\" data-id=\"b81aae5\" data-element_type=\"container\" data-e-type=\"container\" data-settings=\"{&quot;background_background&quot;:&quot;classic&quot;}\">\n\t\t\t\t<div class=\"elementor-element elementor-element-73c71ff elementor-view-default elementor-widget elementor-widget-icon\" data-id=\"73c71ff\" data-element_type=\"widget\" data-e-type=\"widget\" data-widget_type=\"icon.default\">\n\t\t\t\t\t\t\t<div class=\"elementor-icon-wrapper\">\n\t\t\t<div class=\"elementor-icon\">\n\t\t\t<svg xmlns=\"http:\/\/www.w3.org\/2000\/svg\" width=\"31\" height=\"30\" viewbox=\"0 0 31 30\" fill=\"none\"><path d=\"M21.1625 20.6625L16.1625 25.6625C16.0763 25.7488 15.9726 25.8174 15.8589 25.8649C15.7451 25.9124 15.6225 25.9375 15.5 25.9375C15.3775 25.9375 15.2561 25.9124 15.1411 25.8649C15.0261 25.8174 14.9237 25.7488 14.8374 25.6625L9.83743 20.6625C9.47118 20.2963 9.47118 19.7025 9.83743 19.3362C10.2037 18.97 10.7975 18.97 11.1637 19.3362L14.5637 22.7362V5C14.5637 4.4825 14.9837 4.0625 15.5012 4.0625C16.0187 4.0625 16.4387 4.4825 16.4387 5V22.7362L19.8387 19.3362C20.2049 18.97 20.7987 18.97 21.1649 19.3362C21.5312 19.7025 21.5288 20.2963 21.1625 20.6625Z\" fill=\"white\"><\/path><\/svg>\t\t\t<\/div>\n\t\t<\/div>\n\t\t\t\t\t\t<\/div>\n\t\t\t\t<\/div>\n\t\t\t\t\t<\/div>\n\t\t\t\t<\/div>\n\t\t<div class=\"elementor-element elementor-element-9a31970 e-flex e-con-boxed e-con e-parent\" data-id=\"9a31970\" data-element_type=\"container\" data-e-type=\"container\">\n\t\t\t\t\t<div class=\"e-con-inner\">\n\t\t\t\t<div class=\"elementor-element elementor-element-5e46284 elementor-widget elementor-widget-heading\" data-id=\"5e46284\" data-element_type=\"widget\" data-e-type=\"widget\" data-widget_type=\"heading.default\">\n\t\t\t\t\t<h2 class=\"elementor-heading-title elementor-size-default\">UM POUCO SOBRE N\u00d3S<\/h2>\t\t\t\t<\/div>\n\t\t\t\t<div class=\"elementor-element elementor-element-56232d5 elementor-widget elementor-widget-heading\" data-id=\"56232d5\" data-element_type=\"widget\" data-e-type=\"widget\" data-widget_type=\"heading.default\">\n\t\t\t\t\t<h2 class=\"elementor-heading-title elementor-size-default\">MISS\u00c3O E VALORES<\/h2>\t\t\t\t<\/div>\n\t\t<div class=\"elementor-element elementor-element-a2407d9 e-con-full e-flex e-con e-child\" data-id=\"a2407d9\" data-element_type=\"container\" data-e-type=\"container\">\n\t\t<div class=\"elementor-element elementor-element-c73cba8 e-con-full e-flex e-con e-child\" data-id=\"c73cba8\" data-element_type=\"container\" data-e-type=\"container\">\n\t\t\t\t<div class=\"elementor-element elementor-element-ca70543 elementor-widget elementor-widget-image\" data-id=\"ca70543\" data-element_type=\"widget\" data-e-type=\"widget\" data-widget_type=\"image.default\">\n\t\t\t\t\t\t\t\t\t\t\t\t\t\t\t<img fetchpriority=\"high\" decoding=\"async\" width=\"591\" height=\"477\" src=\"https:\/\/adventismovivo.com.br\/wp-content\/uploads\/2024\/11\/IMG-sobre.png\" class=\"attachment-large size-large wp-image-9239\" alt=\"\" srcset=\"https:\/\/adventismovivo.com.br\/wp-content\/uploads\/2024\/11\/IMG-sobre.png 591w, https:\/\/adventismovivo.com.br\/wp-content\/uploads\/2024\/11\/IMG-sobre-510x412.png 510w, https:\/\/adventismovivo.com.br\/wp-content\/uploads\/2024\/11\/IMG-sobre-15x12.png 15w\" sizes=\"(max-width: 591px) 100vw, 591px\" \/>\t\t\t\t\t\t\t\t\t\t\t\t\t\t\t<\/div>\n\t\t\t\t<\/div>\n\t\t<div class=\"elementor-element elementor-element-990abd5 e-con-full e-flex e-con e-child\" data-id=\"990abd5\" data-element_type=\"container\" data-e-type=\"container\">\n\t\t\t\t<div class=\"elementor-element elementor-element-0ecb873 elementor-position-inline-start elementor-view-default elementor-mobile-position-block-start elementor-widget elementor-widget-icon-box\" data-id=\"0ecb873\" data-element_type=\"widget\" data-e-type=\"widget\" data-widget_type=\"icon-box.default\">\n\t\t\t\t\t\t\t<div class=\"elementor-icon-box-wrapper\">\n\n\t\t\t\t\t\t<div class=\"elementor-icon-box-icon\">\n\t\t\t\t<span  class=\"elementor-icon\">\n\t\t\t\t<svg xmlns=\"http:\/\/www.w3.org\/2000\/svg\" width=\"40\" height=\"40\" viewbox=\"0 0 40 40\" fill=\"none\"><path d=\"M0 8C0 3.58172 3.58172 0 8 0H32C36.4183 0 40 3.58172 40 8V32C40 36.4183 36.4183 40 32 40H8C3.58172 40 0 36.4183 0 32V8Z\" fill=\"#C49423\"><\/path><path d=\"M27.5 12.25H22.5C21.26 12.25 20.25 13.26 20.25 14.5V19.5C20.25 20.74 21.26 21.75 22.5 21.75H23.79L21.69 25.94C21.5 26.33 21.52 26.78 21.75 27.16C21.98 27.54 22.38 27.75 22.81 27.75H25.38C26.05 27.75 26.65 27.38 26.95 26.78L29.52 21.65C29.68 21.34 29.76 20.99 29.76 20.64V14.49C29.76 13.25 28.75 12.24 27.51 12.24L27.5 12.25ZM28.25 20.65C28.25 20.77 28.22 20.88 28.17 20.99L25.6 26.12C25.56 26.21 25.47 26.26 25.38 26.26H23.21L25.67 21.35C25.79 21.12 25.77 20.84 25.64 20.62C25.5 20.4 25.26 20.26 25 20.26H22.5C22.09 20.26 21.75 19.92 21.75 19.51V14.51C21.75 14.1 22.09 13.76 22.5 13.76H27.5C27.91 13.76 28.25 14.1 28.25 14.51V20.66V20.65ZM17.5 12.25H12.5C11.26 12.25 10.25 13.26 10.25 14.5V19.5C10.25 20.74 11.26 21.75 12.5 21.75H13.79L11.69 25.94C11.5 26.33 11.52 26.78 11.75 27.16C11.98 27.54 12.38 27.75 12.81 27.75H15.38C16.05 27.75 16.65 27.38 16.95 26.78L19.52 21.65C19.68 21.34 19.76 20.99 19.76 20.64V14.49C19.76 13.25 18.75 12.24 17.51 12.24L17.5 12.25ZM18.25 20.65C18.25 20.77 18.22 20.88 18.17 20.99L15.6 26.12C15.56 26.21 15.47 26.26 15.38 26.26H13.21L15.67 21.35C15.79 21.12 15.77 20.84 15.64 20.62C15.5 20.4 15.26 20.26 15 20.26H12.5C12.09 20.26 11.75 19.92 11.75 19.51V14.51C11.75 14.1 12.09 13.76 12.5 13.76H17.5C17.91 13.76 18.25 14.1 18.25 14.51V20.66V20.65Z\" fill=\"#FFF9EB\"><\/path><\/svg>\t\t\t\t<\/span>\n\t\t\t<\/div>\n\t\t\t\n\t\t\t\t\t\t<div class=\"elementor-icon-box-content\">\n\n\t\t\t\t\t\t\t\t\t<h3 class=\"elementor-icon-box-title\">\n\t\t\t\t\t\t<span  >\n\t\t\t\t\t\t\tMISS\u00c3O\t\t\t\t\t\t<\/span>\n\t\t\t\t\t<\/h3>\n\t\t\t\t\n\t\t\t\t\t\t\t\t\t<p class=\"elementor-icon-box-description\">\n\t\t\t\t\t\tPromover o aut\u00eantico estilo de vida adventista e preparar um povo para a breve volta de Jesus.\t\t\t\t\t<\/p>\n\t\t\t\t\n\t\t\t<\/div>\n\t\t\t\n\t\t<\/div>\n\t\t\t\t\t\t<\/div>\n\t\t\t\t<div class=\"elementor-element elementor-element-ebeff1c elementor-position-inline-start elementor-view-default elementor-mobile-position-block-start elementor-widget elementor-widget-icon-box\" data-id=\"ebeff1c\" data-element_type=\"widget\" data-e-type=\"widget\" data-widget_type=\"icon-box.default\">\n\t\t\t\t\t\t\t<div class=\"elementor-icon-box-wrapper\">\n\n\t\t\t\t\t\t<div class=\"elementor-icon-box-icon\">\n\t\t\t\t<span  class=\"elementor-icon\">\n\t\t\t\t<svg xmlns=\"http:\/\/www.w3.org\/2000\/svg\" width=\"40\" height=\"40\" viewbox=\"0 0 40 40\" fill=\"none\"><path d=\"M0 8C0 3.58172 3.58172 0 8 0H32C36.4183 0 40 3.58172 40 8V32C40 36.4183 36.4183 40 32 40H8C3.58172 40 0 36.4183 0 32V8Z\" fill=\"#C49423\"><\/path><path d=\"M27.5 12.25H22.5C21.26 12.25 20.25 13.26 20.25 14.5V19.5C20.25 20.74 21.26 21.75 22.5 21.75H23.79L21.69 25.94C21.5 26.33 21.52 26.78 21.75 27.16C21.98 27.54 22.38 27.75 22.81 27.75H25.38C26.05 27.75 26.65 27.38 26.95 26.78L29.52 21.65C29.68 21.34 29.76 20.99 29.76 20.64V14.49C29.76 13.25 28.75 12.24 27.51 12.24L27.5 12.25ZM28.25 20.65C28.25 20.77 28.22 20.88 28.17 20.99L25.6 26.12C25.56 26.21 25.47 26.26 25.38 26.26H23.21L25.67 21.35C25.79 21.12 25.77 20.84 25.64 20.62C25.5 20.4 25.26 20.26 25 20.26H22.5C22.09 20.26 21.75 19.92 21.75 19.51V14.51C21.75 14.1 22.09 13.76 22.5 13.76H27.5C27.91 13.76 28.25 14.1 28.25 14.51V20.66V20.65ZM17.5 12.25H12.5C11.26 12.25 10.25 13.26 10.25 14.5V19.5C10.25 20.74 11.26 21.75 12.5 21.75H13.79L11.69 25.94C11.5 26.33 11.52 26.78 11.75 27.16C11.98 27.54 12.38 27.75 12.81 27.75H15.38C16.05 27.75 16.65 27.38 16.95 26.78L19.52 21.65C19.68 21.34 19.76 20.99 19.76 20.64V14.49C19.76 13.25 18.75 12.24 17.51 12.24L17.5 12.25ZM18.25 20.65C18.25 20.77 18.22 20.88 18.17 20.99L15.6 26.12C15.56 26.21 15.47 26.26 15.38 26.26H13.21L15.67 21.35C15.79 21.12 15.77 20.84 15.64 20.62C15.5 20.4 15.26 20.26 15 20.26H12.5C12.09 20.26 11.75 19.92 11.75 19.51V14.51C11.75 14.1 12.09 13.76 12.5 13.76H17.5C17.91 13.76 18.25 14.1 18.25 14.51V20.66V20.65Z\" fill=\"#FFF9EB\"><\/path><\/svg>\t\t\t\t<\/span>\n\t\t\t<\/div>\n\t\t\t\n\t\t\t\t\t\t<div class=\"elementor-icon-box-content\">\n\n\t\t\t\t\t\t\t\t\t<h3 class=\"elementor-icon-box-title\">\n\t\t\t\t\t\t<span  >\n\t\t\t\t\t\t\tCOMPROMISSO CRIST\u00c3O\t\t\t\t\t\t<\/span>\n\t\t\t\t\t<\/h3>\n\t\t\t\t\n\t\t\t\t\t\t\t\t\t<p class=\"elementor-icon-box-description\">\n\t\t\t\t\t\tReafirmar nossas cren\u00e7as distintivas e demonstrar seu fundamento b\u00edblico.\t\t\t\t\t<\/p>\n\t\t\t\t\n\t\t\t<\/div>\n\t\t\t\n\t\t<\/div>\n\t\t\t\t\t\t<\/div>\n\t\t\t\t<div class=\"elementor-element elementor-element-c0285ea elementor-position-inline-start elementor-view-default elementor-mobile-position-block-start elementor-widget elementor-widget-icon-box\" data-id=\"c0285ea\" data-element_type=\"widget\" data-e-type=\"widget\" data-widget_type=\"icon-box.default\">\n\t\t\t\t\t\t\t<div class=\"elementor-icon-box-wrapper\">\n\n\t\t\t\t\t\t<div class=\"elementor-icon-box-icon\">\n\t\t\t\t<span  class=\"elementor-icon\">\n\t\t\t\t<svg xmlns=\"http:\/\/www.w3.org\/2000\/svg\" width=\"40\" height=\"40\" viewbox=\"0 0 40 40\" fill=\"none\"><path d=\"M0 8C0 3.58172 3.58172 0 8 0H32C36.4183 0 40 3.58172 40 8V32C40 36.4183 36.4183 40 32 40H8C3.58172 40 0 36.4183 0 32V8Z\" fill=\"#C49423\"><\/path><path d=\"M27.5 12.25H22.5C21.26 12.25 20.25 13.26 20.25 14.5V19.5C20.25 20.74 21.26 21.75 22.5 21.75H23.79L21.69 25.94C21.5 26.33 21.52 26.78 21.75 27.16C21.98 27.54 22.38 27.75 22.81 27.75H25.38C26.05 27.75 26.65 27.38 26.95 26.78L29.52 21.65C29.68 21.34 29.76 20.99 29.76 20.64V14.49C29.76 13.25 28.75 12.24 27.51 12.24L27.5 12.25ZM28.25 20.65C28.25 20.77 28.22 20.88 28.17 20.99L25.6 26.12C25.56 26.21 25.47 26.26 25.38 26.26H23.21L25.67 21.35C25.79 21.12 25.77 20.84 25.64 20.62C25.5 20.4 25.26 20.26 25 20.26H22.5C22.09 20.26 21.75 19.92 21.75 19.51V14.51C21.75 14.1 22.09 13.76 22.5 13.76H27.5C27.91 13.76 28.25 14.1 28.25 14.51V20.66V20.65ZM17.5 12.25H12.5C11.26 12.25 10.25 13.26 10.25 14.5V19.5C10.25 20.74 11.26 21.75 12.5 21.75H13.79L11.69 25.94C11.5 26.33 11.52 26.78 11.75 27.16C11.98 27.54 12.38 27.75 12.81 27.75H15.38C16.05 27.75 16.65 27.38 16.95 26.78L19.52 21.65C19.68 21.34 19.76 20.99 19.76 20.64V14.49C19.76 13.25 18.75 12.24 17.51 12.24L17.5 12.25ZM18.25 20.65C18.25 20.77 18.22 20.88 18.17 20.99L15.6 26.12C15.56 26.21 15.47 26.26 15.38 26.26H13.21L15.67 21.35C15.79 21.12 15.77 20.84 15.64 20.62C15.5 20.4 15.26 20.26 15 20.26H12.5C12.09 20.26 11.75 19.92 11.75 19.51V14.51C11.75 14.1 12.09 13.76 12.5 13.76H17.5C17.91 13.76 18.25 14.1 18.25 14.51V20.66V20.65Z\" fill=\"#FFF9EB\"><\/path><\/svg>\t\t\t\t<\/span>\n\t\t\t<\/div>\n\t\t\t\n\t\t\t\t\t\t<div class=\"elementor-icon-box-content\">\n\n\t\t\t\t\t\t\t\t\t<h3 class=\"elementor-icon-box-title\">\n\t\t\t\t\t\t<span  >\n\t\t\t\t\t\t\tALVO\t\t\t\t\t\t<\/span>\n\t\t\t\t\t<\/h3>\n\t\t\t\t\n\t\t\t\t\t\t\t\t\t<p class=\"elementor-icon-box-description\">\n\t\t\t\t\t\tCapacitar pessoas para pregar o evangelho ao mundo inteiro em nossa gera\u00e7\u00e3o.\t\t\t\t\t<\/p>\n\t\t\t\t\n\t\t\t<\/div>\n\t\t\t\n\t\t<\/div>\n\t\t\t\t\t\t<\/div>\n\t\t\t\t<\/div>\n\t\t\t\t<\/div>\n\t\t\t\t\t<\/div>\n\t\t\t\t<\/div>\n\t\t<div class=\"elementor-element elementor-element-2f8ef48 e-flex e-con-boxed e-con e-parent\" data-id=\"2f8ef48\" data-element_type=\"container\" data-e-type=\"container\">\n\t\t\t\t\t<div class=\"e-con-inner\">\n\t\t\t\t<div class=\"elementor-element elementor-element-2515fbc elementor-widget elementor-widget-spacer\" data-id=\"2515fbc\" data-element_type=\"widget\" data-e-type=\"widget\" data-widget_type=\"spacer.default\">\n\t\t\t\t\t\t\t<div class=\"elementor-spacer\">\n\t\t\t<div class=\"elementor-spacer-inner\"><\/div>\n\t\t<\/div>\n\t\t\t\t\t\t<\/div>\n\t\t\t\t\t<\/div>\n\t\t\t\t<\/div>\n\t\t<div class=\"elementor-element elementor-element-20ccfd3 e-flex e-con-boxed e-con e-parent\" data-id=\"20ccfd3\" data-element_type=\"container\" data-e-type=\"container\">\n\t\t\t\t\t<div class=\"e-con-inner\">\n\t\t<div class=\"elementor-element elementor-element-614a813 e-con-full e-flex e-con e-child\" data-id=\"614a813\" data-element_type=\"container\" data-e-type=\"container\">\n\t\t\t\t<div class=\"elementor-element elementor-element-6e5a996 elementor-widget elementor-widget-heading\" data-id=\"6e5a996\" data-element_type=\"widget\" data-e-type=\"widget\" data-widget_type=\"heading.default\">\n\t\t\t\t\t<h2 class=\"elementor-heading-title elementor-size-default\">NOSSA HIST\u00d3RIA<\/h2>\t\t\t\t<\/div>\n\t\t\t\t<div class=\"elementor-element elementor-element-71c0588 elementor-widget elementor-widget-heading\" data-id=\"71c0588\" data-element_type=\"widget\" data-e-type=\"widget\" data-widget_type=\"heading.default\">\n\t\t\t\t\t<h2 class=\"elementor-heading-title elementor-size-default\">Nossa Miss\u00e3o, Vis\u00e3o e Valores<\/h2>\t\t\t\t<\/div>\n\t\t\t\t<div class=\"elementor-element elementor-element-006e47a elementor-widget elementor-widget-text-editor\" data-id=\"006e47a\" data-element_type=\"widget\" data-e-type=\"widget\" data-widget_type=\"text-editor.default\">\n\t\t\t\t\t\t\t\t\t<p>O Adventismo Vivo inspira-se nos grandes reformadores da hist\u00f3ria, que dedicaram suas vidas a levar a Palavra de Deus ao mundo. Assim como Lutero, Calvino e tantos outros, acreditamos no poder da verdade b\u00edblica para transformar vidas e fortalecer comunidades. Nossa miss\u00e3o \u00e9 compartilhar a esperan\u00e7a por meio de estudos, ora\u00e7\u00f5es e a\u00e7\u00f5es concretas, sempre guiados pela f\u00e9 e pela dedica\u00e7\u00e3o ao amor divino. Convidamos voc\u00ea a fazer parte desse projeto, contribuindo para manter viva a chama que ilumina e guia milhares de cora\u00e7\u00f5es. Juntos, continuamos a obra daqueles que marcaram a hist\u00f3ria com coragem e devo\u00e7\u00e3o.<br \/>4o<\/p>\t\t\t\t\t\t\t\t<\/div>\n\t\t\t\t<div class=\"elementor-element elementor-element-d120a6f elementor-align-justify elementor-widget__width-initial elementor-widget elementor-widget-button\" data-id=\"d120a6f\" data-element_type=\"widget\" data-e-type=\"widget\" data-widget_type=\"button.default\">\n\t\t\t\t\t\t\t\t\t\t<a class=\"elementor-button elementor-button-link elementor-size-sm\" href=\"https:\/\/adventismovivo.com.br\/en\/sobre\/\">\n\t\t\t\t\t\t<span class=\"elementor-button-content-wrapper\">\n\t\t\t\t\t\t\t\t\t<span class=\"elementor-button-text\">Assiste nosso v\u00eddeo<\/span>\n\t\t\t\t\t<\/span>\n\t\t\t\t\t<\/a>\n\t\t\t\t\t\t\t\t<\/div>\n\t\t\t\t<\/div>\n\t\t<div class=\"elementor-element elementor-element-6485ebc e-con-full e-flex e-con e-child\" data-id=\"6485ebc\" data-element_type=\"container\" data-e-type=\"container\">\n\t\t\t\t<div class=\"elementor-element elementor-element-18f7bc6 elementor-widget elementor-widget-image\" data-id=\"18f7bc6\" data-element_type=\"widget\" data-e-type=\"widget\" data-widget_type=\"image.default\">\n\t\t\t\t\t\t\t\t\t\t\t\t\t\t\t<img decoding=\"async\" width=\"591\" height=\"528\" src=\"https:\/\/adventismovivo.com.br\/wp-content\/uploads\/2024\/11\/img-sobre2.png\" class=\"attachment-large size-large wp-image-9241\" alt=\"\" srcset=\"https:\/\/adventismovivo.com.br\/wp-content\/uploads\/2024\/11\/img-sobre2.png 591w, https:\/\/adventismovivo.com.br\/wp-content\/uploads\/2024\/11\/img-sobre2-510x456.png 510w, https:\/\/adventismovivo.com.br\/wp-content\/uploads\/2024\/11\/img-sobre2-13x12.png 13w\" sizes=\"(max-width: 591px) 100vw, 591px\" \/>\t\t\t\t\t\t\t\t\t\t\t\t\t\t\t<\/div>\n\t\t\t\t<\/div>\n\t\t\t\t\t<\/div>\n\t\t\t\t<\/div>\n\t\t\t\t<\/div>","protected":false},"excerpt":{"rendered":"<p>Lorem ipsum dolor sit amet Ultrices laoreet lectus odio mauris id. Urna cursus quam praesent scelerisque bibendum at congue eleifend tellus. Tortor convallis metus sed enim nunc at diam. UM POUCO SOBRE N\u00d3S MISS\u00c3O E VALORES MISS\u00c3O Promover o aut\u00eantico estilo de vida adventista e preparar um povo para a breve volta de Jesus. COMPROMISSO [&hellip;]<\/p>\n","protected":false},"author":1,"featured_media":7306,"parent":0,"menu_order":0,"comment_status":"closed","ping_status":"closed","template":"elementor_header_footer","meta":{"footnotes":""},"class_list":["post-7283","page","type-page","status-publish","has-post-thumbnail","hentry"],"aioseo_notices":[],"_links":{"self":[{"href":"https:\/\/adventismovivo.com.br\/en\/wp-json\/wp\/v2\/pages\/7283","targetHints":{"allow":["GET"]}}],"collection":[{"href":"https:\/\/adventismovivo.com.br\/en\/wp-json\/wp\/v2\/pages"}],"about":[{"href":"https:\/\/adventismovivo.com.br\/en\/wp-json\/wp\/v2\/types\/page"}],"author":[{"embeddable":true,"href":"https:\/\/adventismovivo.com.br\/en\/wp-json\/wp\/v2\/users\/1"}],"replies":[{"embeddable":true,"href":"https:\/\/adventismovivo.com.br\/en\/wp-json\/wp\/v2\/comments?post=7283"}],"version-history":[{"count":38,"href":"https:\/\/adventismovivo.com.br\/en\/wp-json\/wp\/v2\/pages\/7283\/revisions"}],"predecessor-version":[{"id":9969,"href":"https:\/\/adventismovivo.com.br\/en\/wp-json\/wp\/v2\/pages\/7283\/revisions\/9969"}],"wp:featuredmedia":[{"embeddable":true,"href":"https:\/\/adventismovivo.com.br\/en\/wp-json\/wp\/v2\/media\/7306"}],"wp:attachment":[{"href":"https:\/\/adventismovivo.com.br\/en\/wp-json\/wp\/v2\/media?parent=7283"}],"curies":[{"name":"wp","href":"https:\/\/api.w.org\/{rel}","templated":true}]}}