{"id":7925,"date":"2024-08-05T17:20:42","date_gmt":"2024-08-05T20:20:42","guid":{"rendered":"https:\/\/adventismovivo.com.br\/?page_id=7925"},"modified":"2024-11-25T17:29:26","modified_gmt":"2024-11-25T20:29:26","slug":"slides","status":"publish","type":"page","link":"https:\/\/adventismovivo.com.br\/en\/slides\/","title":{"rendered":"Slides"},"content":{"rendered":"\t\t<div data-elementor-type=\"wp-page\" data-elementor-id=\"7925\" class=\"elementor elementor-7925\" data-elementor-post-type=\"page\">\n\t\t\t\t<div class=\"elementor-element elementor-element-71947d7 e-flex e-con-boxed e-con e-parent\" data-id=\"71947d7\" data-element_type=\"container\" data-e-type=\"container\">\n\t\t\t\t\t<div class=\"e-con-inner\">\n\t\t\t\t<div class=\"elementor-element elementor-element-bbe7963 elementor-widget elementor-widget-shortcode\" data-id=\"bbe7963\" data-element_type=\"widget\" data-e-type=\"widget\" data-widget_type=\"shortcode.default\">\n\t\t\t\t\t\t\t<div class=\"elementor-shortcode\"><div class='w3eden'>\n    <div class=''>\n\n        <form method=\"get\" class=\"\" data-container=\"#content_wpdm_package_1\" id=\"sc_form_wpdm_package_1\" style=\"margin-bottom: 15px\">\n    \n            <div class=\"card panel panel-default wpdm-shortcode-toolbar\">\n                <div class=\"card-body panel-body\">\n                    <div class=\"row\">\n                        <div class=\"col-lg-6 col-md-12\">\n                            <input type=\"search\" name=\"skw\" value=\"\" placeholder=\"Search Keyword...\" class=\"form-control\" \/>\n                        <\/div>\n                        <div class=\"col-lg-2 col-md-4\">\n                            <select name=\"orderby\" class=\"wpdm-custom-select custom-select\">\n                                <option value=\"date\" disabled=\"disabled\">Order By:<\/option>\n                                <option value=\"date\" >Publish Date<\/option>\n                                <option value=\"title\" >Title<\/option>\n                                <option value=\"update_date\" >Update Date<\/option>\n                                <option value=\"downloads\" >Downloads<\/option>\n                                <option value=\"views\" >Views<\/option>\n                            <\/select>\n                        <\/div>\n                        <div class=\"col-lg-2 col-md-4\">\n                            <select name=\"order\" class=\"wpdm-custom-select custom-select\">\n                                <option value=\"desc\" disabled=\"disabled\">Order:<\/option>\n                                <option value=\"desc\" >Descending<\/option>\n                                <option value=\"asc\" >Ascending<\/option>\n                            <\/select>\n                        <\/div>\n                        <div class=\"col-lg-2 col-md-4\">\n                            <button type=\"submit\" class=\"btn btn-info btn-block\">Apply Filter<\/button>\n                        <\/div>\n                    <\/div>\n                <\/div>\n            <\/div>\n\n            <\/form>\n<div class=\"spacer mb-3 d-block clearfix\"><\/div>\n\n        <div id=\"content_wpdm_package_1\">\n            <div class='row'><div class='col-lg-12 col-md-6 col-12'><!-- WPDM Link Template: Default Template ( Compact ) -->\n\n<div class=\"link-template-default card mb-2\">\n    <div class=\"card-body\">\n        <div class=\"media\">\n            <div class=\"mr-3 img-48\"><img decoding=\"async\" class=\"wpdm_icon\" alt=\"Icon\" src=\"https:\/\/adventismovivo.com.br\/wp-content\/plugins\/download-manager\/assets\/file-type-icons\/pdf.svg\" \/><\/div>\n            <div class=\"media-body\">\n                <h3 class=\"package-title\">A Posi\u00e7\u00e3o de Ellen White Sobre os Dois Concertos - [PDF]<\/h3>\n                <div class=\"text-muted text-small\"><i class=\"fas fa-copy\"><\/i> 1 file(s) <i class=\"fas fa-hdd ml-3\"><\/i> 1.92 MB<\/div>\n            <\/div>\n            <div class=\"ml-3\">\n                <a class='wpdm-download-link btn btn-primary ' rel='nofollow' href='https:\/\/adventismovivo.com.br\/en\/download\/a-posicao-de-ellen-white-sobre-os-dois-concertos-pdf\/?wpdmdl=9947&refresh=69fb5e019ce831778081281'>Download<\/a>\n            <\/div>\n        <\/div>\n    <\/div>\n<\/div>\n\n<\/div><div class='col-lg-12 col-md-6 col-12'><!-- WPDM Link Template: Default Template ( Compact ) -->\n\n<div class=\"link-template-default card mb-2\">\n    <div class=\"card-body\">\n        <div class=\"media\">\n            <div class=\"mr-3 img-48\"><img decoding=\"async\" class=\"wpdm_icon\" alt=\"Icon\" src=\"data:image\/svg+xml;base64,CiAgICAgICAgICAgIDxzdmcgeG1sbnM9Imh0dHA6Ly93d3cudzMub3JnLzIwMDAvc3ZnIiB2aWV3Qm94PSIwIDAgNDAgNDAiPgogICAgICAgICAgICAgICAgPGRlZnM+CiAgICAgICAgICAgICAgICAgICAgPGxpbmVhckdyYWRpZW50IGlkPSJncmFkaWVudCIgeDE9IjAiIHkxPSIwIiB4Mj0iMCIgeTI9IjEiPgogICAgICAgICAgICAgICAgICAgICAgICA8c3RvcCBzdG9wLWNvbG9yPSIjMjY5ZGVmIiBvZmZzZXQ9IjAiLz4KICAgICAgICAgICAgICAgICAgICAgICAgPHN0b3Agc3RvcC1jb2xvcj0iIzI2YmRlZiIgb2Zmc2V0PSIxIi8+CiAgICAgICAgICAgICAgICAgICAgPC9saW5lYXJHcmFkaWVudD4KICAgICAgICAgICAgICAgIDwvZGVmcz4KICAgICAgICAgICAgICAgIDxnPgogICAgICAgICAgICAgICAgICAgIDxyZWN0IGZpbGw9InVybCgjZ3JhZGllbnQpIiB4PSIwIiB5PSIwIiB3aWR0aD0iNDAiIGhlaWdodD0iNDAiIHJ4PSIzIiByeT0iMyIvPgogICAgICAgICAgICAgICAgICAgIDx0ZXh0IHg9IjUiIHk9IjE5IiBmb250LWZhbWlseT0iQXJpYWwsIEhlbHZldGljYSwgc2Fucy1zZXJpZiIgZm9udC1zaXplPSIxM3B4IiBsZXR0ZXItc3BhY2luZz0iMSIgZmlsbD0iI0ZGRkZGRiI+CiAgICAgICAgICAgICAgICAgICAgICAgIDx0c3Bhbj5QUFM8L3RzcGFuPgogICAgICAgICAgICAgICAgICAgICAgICA8dHNwYW4geD0iNiIgeT0iMjgiPl88L3RzcGFuPgogICAgICAgICAgICAgICAgICAgIDwvdGV4dD4KICAgICAgICAgICAgICAgIDwvZz4KICAgICAgICAgICAgPC9zdmc+CgoJCQk=\" \/><\/div>\n            <div class=\"media-body\">\n                <h3 class=\"package-title\">A Posi\u00e7\u00e3o de Ellen White Sobre os Dois Concertos - [PPSX]<\/h3>\n                <div class=\"text-muted text-small\"><i class=\"fas fa-copy\"><\/i> 1 file(s) <i class=\"fas fa-hdd ml-3\"><\/i> 2 MB<\/div>\n            <\/div>\n            <div class=\"ml-3\">\n                <a class='wpdm-download-link btn btn-primary ' rel='nofollow' href='https:\/\/adventismovivo.com.br\/en\/download\/a-posicao-de-ellen-white-sobre-os-dois-concertos-ppsx\/?wpdmdl=9943&refresh=69fb5e019f24a1778081281'>Download<\/a>\n            <\/div>\n        <\/div>\n    <\/div>\n<\/div>\n\n<\/div><div class='col-lg-12 col-md-6 col-12'><!-- WPDM Link Template: Default Template ( Compact ) -->\n\n<div class=\"link-template-default card mb-2\">\n    <div class=\"card-body\">\n        <div class=\"media\">\n            <div class=\"mr-3 img-48\"><img decoding=\"async\" class=\"wpdm_icon\" alt=\"Icon\" src=\"data:image\/svg+xml;base64,CiAgICAgICAgICAgIDxzdmcgeG1sbnM9Imh0dHA6Ly93d3cudzMub3JnLzIwMDAvc3ZnIiB2aWV3Qm94PSIwIDAgNDAgNDAiPgogICAgICAgICAgICAgICAgPGRlZnM+CiAgICAgICAgICAgICAgICAgICAgPGxpbmVhckdyYWRpZW50IGlkPSJncmFkaWVudCIgeDE9IjAiIHkxPSIwIiB4Mj0iMCIgeTI9IjEiPgogICAgICAgICAgICAgICAgICAgICAgICA8c3RvcCBzdG9wLWNvbG9yPSIjMjY5ZGVmIiBvZmZzZXQ9IjAiLz4KICAgICAgICAgICAgICAgICAgICAgICAgPHN0b3Agc3RvcC1jb2xvcj0iIzI2YmRlZiIgb2Zmc2V0PSIxIi8+CiAgICAgICAgICAgICAgICAgICAgPC9saW5lYXJHcmFkaWVudD4KICAgICAgICAgICAgICAgIDwvZGVmcz4KICAgICAgICAgICAgICAgIDxnPgogICAgICAgICAgICAgICAgICAgIDxyZWN0IGZpbGw9InVybCgjZ3JhZGllbnQpIiB4PSIwIiB5PSIwIiB3aWR0aD0iNDAiIGhlaWdodD0iNDAiIHJ4PSIzIiByeT0iMyIvPgogICAgICAgICAgICAgICAgICAgIDx0ZXh0IHg9IjUiIHk9IjE5IiBmb250LWZhbWlseT0iQXJpYWwsIEhlbHZldGljYSwgc2Fucy1zZXJpZiIgZm9udC1zaXplPSIxM3B4IiBsZXR0ZXItc3BhY2luZz0iMSIgZmlsbD0iI0ZGRkZGRiI+CiAgICAgICAgICAgICAgICAgICAgICAgIDx0c3Bhbj5QUFM8L3RzcGFuPgogICAgICAgICAgICAgICAgICAgICAgICA8dHNwYW4geD0iNiIgeT0iMjgiPl88L3RzcGFuPgogICAgICAgICAgICAgICAgICAgIDwvdGV4dD4KICAgICAgICAgICAgICAgIDwvZz4KICAgICAgICAgICAgPC9zdmc+CgoJCQk=\" \/><\/div>\n            <div class=\"media-body\">\n                <h3 class=\"package-title\">Li\u00e7\u00e3o 01. Crise de Identidade (LES 1T\/2021) - [PPSX]<\/h3>\n                <div class=\"text-muted text-small\"><i class=\"fas fa-copy\"><\/i> 1 file(s) <i class=\"fas fa-hdd ml-3\"><\/i> 5 MB<\/div>\n            <\/div>\n            <div class=\"ml-3\">\n                <a class='wpdm-download-link btn btn-primary ' rel='nofollow' href='https:\/\/adventismovivo.com.br\/en\/download\/licao-01-crise-de-identidade-les-1t-2021-ppsx\/?wpdmdl=9907&refresh=69fb5e01a118e1778081281'>Download<\/a>\n            <\/div>\n        <\/div>\n    <\/div>\n<\/div>\n\n<\/div><div class='col-lg-12 col-md-6 col-12'><!-- WPDM Link Template: Default Template ( Compact ) -->\n\n<div class=\"link-template-default card mb-2\">\n    <div class=\"card-body\">\n        <div class=\"media\">\n            <div class=\"mr-3 img-48\"><img decoding=\"async\" class=\"wpdm_icon\" alt=\"Icon\" src=\"https:\/\/adventismovivo.com.br\/wp-content\/plugins\/download-manager\/assets\/file-type-icons\/pdf.svg\" \/><\/div>\n            <div class=\"media-body\">\n                <h3 class=\"package-title\">Li\u00e7\u00e3o 01. Crise de Identidade (LES 1T\/2021) - [PDF]<\/h3>\n                <div class=\"text-muted text-small\"><i class=\"fas fa-copy\"><\/i> 1 file(s) <i class=\"fas fa-hdd ml-3\"><\/i> 3.48 MB<\/div>\n            <\/div>\n            <div class=\"ml-3\">\n                <a class='wpdm-download-link btn btn-primary ' rel='nofollow' href='https:\/\/adventismovivo.com.br\/en\/download\/licao-01-crise-de-identidade-les-4t-2020-pdf\/?wpdmdl=9903&refresh=69fb5e01a31781778081281'>Download<\/a>\n            <\/div>\n        <\/div>\n    <\/div>\n<\/div>\n\n<\/div><div class='col-lg-12 col-md-6 col-12'><!-- WPDM Link Template: Default Template ( Compact ) -->\n\n<div class=\"link-template-default card mb-2\">\n    <div class=\"card-body\">\n        <div class=\"media\">\n            <div class=\"mr-3 img-48\"><img decoding=\"async\" class=\"wpdm_icon\" alt=\"Icon\" src=\"https:\/\/adventismovivo.com.br\/wp-content\/plugins\/download-manager\/assets\/file-type-icons\/pdf.svg\" \/><\/div>\n            <div class=\"media-body\">\n                <h3 class=\"package-title\">Li\u00e7\u00e3o 01. Da Leitura \u00e0 Compreens\u00e3o (LES 1T\/2020) - [PDF]<\/h3>\n                <div class=\"text-muted text-small\"><i class=\"fas fa-copy\"><\/i> 1 file(s) <i class=\"fas fa-hdd ml-3\"><\/i> 3.72 MB<\/div>\n            <\/div>\n            <div class=\"ml-3\">\n                <a class='wpdm-download-link btn btn-primary ' rel='nofollow' href='https:\/\/adventismovivo.com.br\/en\/download\/licao-01-da-leitura-a-compreensao-les-1t-2020-pdf\/?wpdmdl=9819&refresh=69fb5e01a4f921778081281'>Download<\/a>\n            <\/div>\n        <\/div>\n    <\/div>\n<\/div>\n\n<\/div><div class='col-lg-12 col-md-6 col-12'><!-- WPDM Link Template: Default Template ( Compact ) -->\n\n<div class=\"link-template-default card mb-2\">\n    <div class=\"card-body\">\n        <div class=\"media\">\n            <div class=\"mr-3 img-48\"><img decoding=\"async\" class=\"wpdm_icon\" alt=\"Icon\" src=\"data:image\/svg+xml;base64,CiAgICAgICAgICAgIDxzdmcgeG1sbnM9Imh0dHA6Ly93d3cudzMub3JnLzIwMDAvc3ZnIiB2aWV3Qm94PSIwIDAgNDAgNDAiPgogICAgICAgICAgICAgICAgPGRlZnM+CiAgICAgICAgICAgICAgICAgICAgPGxpbmVhckdyYWRpZW50IGlkPSJncmFkaWVudCIgeDE9IjAiIHkxPSIwIiB4Mj0iMCIgeTI9IjEiPgogICAgICAgICAgICAgICAgICAgICAgICA8c3RvcCBzdG9wLWNvbG9yPSIjMjY5ZGVmIiBvZmZzZXQ9IjAiLz4KICAgICAgICAgICAgICAgICAgICAgICAgPHN0b3Agc3RvcC1jb2xvcj0iIzI2YmRlZiIgb2Zmc2V0PSIxIi8+CiAgICAgICAgICAgICAgICAgICAgPC9saW5lYXJHcmFkaWVudD4KICAgICAgICAgICAgICAgIDwvZGVmcz4KICAgICAgICAgICAgICAgIDxnPgogICAgICAgICAgICAgICAgICAgIDxyZWN0IGZpbGw9InVybCgjZ3JhZGllbnQpIiB4PSIwIiB5PSIwIiB3aWR0aD0iNDAiIGhlaWdodD0iNDAiIHJ4PSIzIiByeT0iMyIvPgogICAgICAgICAgICAgICAgICAgIDx0ZXh0IHg9IjUiIHk9IjE5IiBmb250LWZhbWlseT0iQXJpYWwsIEhlbHZldGljYSwgc2Fucy1zZXJpZiIgZm9udC1zaXplPSIxM3B4IiBsZXR0ZXItc3BhY2luZz0iMSIgZmlsbD0iI0ZGRkZGRiI+CiAgICAgICAgICAgICAgICAgICAgICAgIDx0c3Bhbj5QUFM8L3RzcGFuPgogICAgICAgICAgICAgICAgICAgICAgICA8dHNwYW4geD0iNiIgeT0iMjgiPl88L3RzcGFuPgogICAgICAgICAgICAgICAgICAgIDwvdGV4dD4KICAgICAgICAgICAgICAgIDwvZz4KICAgICAgICAgICAgPC9zdmc+CgoJCQk=\" \/><\/div>\n            <div class=\"media-body\">\n                <h3 class=\"package-title\">Li\u00e7\u00e3o 01. Da Leitura \u00e0 Compreens\u00e3o (LES 1T\/2020) - [PPSX]<\/h3>\n                <div class=\"text-muted text-small\"><i class=\"fas fa-copy\"><\/i> 1 file(s) <i class=\"fas fa-hdd ml-3\"><\/i> 0.00 KB<\/div>\n            <\/div>\n            <div class=\"ml-3\">\n                <a class='wpdm-download-link btn btn-primary ' rel='nofollow' href='https:\/\/adventismovivo.com.br\/en\/download\/licao-01-da-leitura-a-compreensao-les-1t-2020-ppsx\/?wpdmdl=9820&refresh=69fb5e01a6bfc1778081281'>Download<\/a>\n            <\/div>\n        <\/div>\n    <\/div>\n<\/div>\n\n<\/div><div class='col-lg-12 col-md-6 col-12'><!-- WPDM Link Template: Default Template ( Compact ) -->\n\n<div class=\"link-template-default card mb-2\">\n    <div class=\"card-body\">\n        <div class=\"media\">\n            <div class=\"mr-3 img-48\"><img decoding=\"async\" class=\"wpdm_icon\" alt=\"Icon\" src=\"https:\/\/adventismovivo.com.br\/wp-content\/plugins\/download-manager\/assets\/file-type-icons\/pdf.svg\" \/><\/div>\n            <div class=\"media-body\">\n                <h3 class=\"package-title\">Li\u00e7\u00e3o 01. Educa\u00e7\u00e3o no Jardim do \u00c9den (LES 4T\/2020) - [PDF]<\/h3>\n                <div class=\"text-muted text-small\"><i class=\"fas fa-copy\"><\/i> 1 file(s) <i class=\"fas fa-hdd ml-3\"><\/i> 309.97 KB<\/div>\n            <\/div>\n            <div class=\"ml-3\">\n                <a class='wpdm-download-link btn btn-primary ' rel='nofollow' href='https:\/\/adventismovivo.com.br\/en\/download\/licao-01-educacao-no-jardim-do-eden-les-4t-2020-pdf\/?wpdmdl=9894&refresh=69fb5e01a820d1778081281'>Download<\/a>\n            <\/div>\n        <\/div>\n    <\/div>\n<\/div>\n\n<\/div><div class='col-lg-12 col-md-6 col-12'><!-- WPDM Link Template: Default Template ( Compact ) -->\n\n<div class=\"link-template-default card mb-2\">\n    <div class=\"card-body\">\n        <div class=\"media\">\n            <div class=\"mr-3 img-48\"><img decoding=\"async\" class=\"wpdm_icon\" alt=\"Icon\" src=\"data:image\/svg+xml;base64,CiAgICAgICAgICAgIDxzdmcgeG1sbnM9Imh0dHA6Ly93d3cudzMub3JnLzIwMDAvc3ZnIiB2aWV3Qm94PSIwIDAgNDAgNDAiPgogICAgICAgICAgICAgICAgPGRlZnM+CiAgICAgICAgICAgICAgICAgICAgPGxpbmVhckdyYWRpZW50IGlkPSJncmFkaWVudCIgeDE9IjAiIHkxPSIwIiB4Mj0iMCIgeTI9IjEiPgogICAgICAgICAgICAgICAgICAgICAgICA8c3RvcCBzdG9wLWNvbG9yPSIjMjY5ZGVmIiBvZmZzZXQ9IjAiLz4KICAgICAgICAgICAgICAgICAgICAgICAgPHN0b3Agc3RvcC1jb2xvcj0iIzI2YmRlZiIgb2Zmc2V0PSIxIi8+CiAgICAgICAgICAgICAgICAgICAgPC9saW5lYXJHcmFkaWVudD4KICAgICAgICAgICAgICAgIDwvZGVmcz4KICAgICAgICAgICAgICAgIDxnPgogICAgICAgICAgICAgICAgICAgIDxyZWN0IGZpbGw9InVybCgjZ3JhZGllbnQpIiB4PSIwIiB5PSIwIiB3aWR0aD0iNDAiIGhlaWdodD0iNDAiIHJ4PSIzIiByeT0iMyIvPgogICAgICAgICAgICAgICAgICAgIDx0ZXh0IHg9IjUiIHk9IjE5IiBmb250LWZhbWlseT0iQXJpYWwsIEhlbHZldGljYSwgc2Fucy1zZXJpZiIgZm9udC1zaXplPSIxM3B4IiBsZXR0ZXItc3BhY2luZz0iMSIgZmlsbD0iI0ZGRkZGRiI+CiAgICAgICAgICAgICAgICAgICAgICAgIDx0c3Bhbj5QUFM8L3RzcGFuPgogICAgICAgICAgICAgICAgICAgICAgICA8dHNwYW4geD0iNiIgeT0iMjgiPl88L3RzcGFuPgogICAgICAgICAgICAgICAgICAgIDwvdGV4dD4KICAgICAgICAgICAgICAgIDwvZz4KICAgICAgICAgICAgPC9zdmc+CgoJCQk=\" \/><\/div>\n            <div class=\"media-body\">\n                <h3 class=\"package-title\">Li\u00e7\u00e3o 01. Educa\u00e7\u00e3o no Jardim do \u00c9den (LES 4T\/2020) - [PPSX]<\/h3>\n                <div class=\"text-muted text-small\"><i class=\"fas fa-copy\"><\/i> 1 file(s) <i class=\"fas fa-hdd ml-3\"><\/i> 1 MB<\/div>\n            <\/div>\n            <div class=\"ml-3\">\n                <a class='wpdm-download-link btn btn-primary ' rel='nofollow' href='https:\/\/adventismovivo.com.br\/en\/download\/licao-01-educacao-no-jardim-do-eden-les-4t-2020-ppsx\/?wpdmdl=9895&refresh=69fb5e01a9b4a1778081281'>Download<\/a>\n            <\/div>\n        <\/div>\n    <\/div>\n<\/div>\n\n<\/div><div class='col-lg-12 col-md-6 col-12'><!-- WPDM Link Template: Default Template ( Compact ) -->\n\n<div class=\"link-template-default card mb-2\">\n    <div class=\"card-body\">\n        <div class=\"media\">\n            <div class=\"mr-3 img-48\"><img decoding=\"async\" class=\"wpdm_icon\" alt=\"Icon\" src=\"https:\/\/adventismovivo.com.br\/wp-content\/plugins\/download-manager\/assets\/file-type-icons\/pdf.svg\" \/><\/div>\n            <div class=\"media-body\">\n                <h3 class=\"package-title\">Li\u00e7\u00e3o 01. Entendendo a Hist\u00f3ria (LES 4T\/2019) - [PDF]<\/h3>\n                <div class=\"text-muted text-small\"><i class=\"fas fa-copy\"><\/i> 1 file(s) <i class=\"fas fa-hdd ml-3\"><\/i> 3.38 MB<\/div>\n            <\/div>\n            <div class=\"ml-3\">\n                <a class='wpdm-download-link btn btn-primary ' rel='nofollow' href='https:\/\/adventismovivo.com.br\/en\/download\/licao-01-entendendo-a-historia-les-4t-2019-pdf\/?wpdmdl=9783&refresh=69fb5e01abc0c1778081281'>Download<\/a>\n            <\/div>\n        <\/div>\n    <\/div>\n<\/div>\n\n<\/div><div class='col-lg-12 col-md-6 col-12'><!-- WPDM Link Template: Default Template ( Compact ) -->\n\n<div class=\"link-template-default card mb-2\">\n    <div class=\"card-body\">\n        <div class=\"media\">\n            <div class=\"mr-3 img-48\"><img decoding=\"async\" class=\"wpdm_icon\" alt=\"Icon\" src=\"data:image\/svg+xml;base64,CiAgICAgICAgICAgIDxzdmcgeG1sbnM9Imh0dHA6Ly93d3cudzMub3JnLzIwMDAvc3ZnIiB2aWV3Qm94PSIwIDAgNDAgNDAiPgogICAgICAgICAgICAgICAgPGRlZnM+CiAgICAgICAgICAgICAgICAgICAgPGxpbmVhckdyYWRpZW50IGlkPSJncmFkaWVudCIgeDE9IjAiIHkxPSIwIiB4Mj0iMCIgeTI9IjEiPgogICAgICAgICAgICAgICAgICAgICAgICA8c3RvcCBzdG9wLWNvbG9yPSIjMjY5ZGVmIiBvZmZzZXQ9IjAiLz4KICAgICAgICAgICAgICAgICAgICAgICAgPHN0b3Agc3RvcC1jb2xvcj0iIzI2YmRlZiIgb2Zmc2V0PSIxIi8+CiAgICAgICAgICAgICAgICAgICAgPC9saW5lYXJHcmFkaWVudD4KICAgICAgICAgICAgICAgIDwvZGVmcz4KICAgICAgICAgICAgICAgIDxnPgogICAgICAgICAgICAgICAgICAgIDxyZWN0IGZpbGw9InVybCgjZ3JhZGllbnQpIiB4PSIwIiB5PSIwIiB3aWR0aD0iNDAiIGhlaWdodD0iNDAiIHJ4PSIzIiByeT0iMyIvPgogICAgICAgICAgICAgICAgICAgIDx0ZXh0IHg9IjUiIHk9IjE5IiBmb250LWZhbWlseT0iQXJpYWwsIEhlbHZldGljYSwgc2Fucy1zZXJpZiIgZm9udC1zaXplPSIxM3B4IiBsZXR0ZXItc3BhY2luZz0iMSIgZmlsbD0iI0ZGRkZGRiI+CiAgICAgICAgICAgICAgICAgICAgICAgIDx0c3Bhbj5QUFM8L3RzcGFuPgogICAgICAgICAgICAgICAgICAgICAgICA8dHNwYW4geD0iNiIgeT0iMjgiPl88L3RzcGFuPgogICAgICAgICAgICAgICAgICAgIDwvdGV4dD4KICAgICAgICAgICAgICAgIDwvZz4KICAgICAgICAgICAgPC9zdmc+CgoJCQk=\" \/><\/div>\n            <div class=\"media-body\">\n                <h3 class=\"package-title\">Li\u00e7\u00e3o 01. Entendendo a Hist\u00f3ria (LES 4T\/2019) - [PPSX]<\/h3>\n                <div class=\"text-muted text-small\"><i class=\"fas fa-copy\"><\/i> 1 file(s) <i class=\"fas fa-hdd ml-3\"><\/i> 0.00 KB<\/div>\n            <\/div>\n            <div class=\"ml-3\">\n                <a class='wpdm-download-link btn btn-primary ' rel='nofollow' href='https:\/\/adventismovivo.com.br\/en\/download\/licao-01-entendendo-a-historia-les-4t-2019-ppsx\/?wpdmdl=9784&refresh=69fb5e01adb901778081281'>Download<\/a>\n            <\/div>\n        <\/div>\n    <\/div>\n<\/div>\n\n<\/div><\/div>            <div style='clear:both'><\/div><div class='text-center'><ul class='pagination wpdm-pagination pagination-centered text-center'><li><span aria-current=\"page\" class=\"page-numbers current\">1<\/span><\/li><li><a data-container='#content_wpdm_package_1' class=\"page-numbers\" href=\"https:\/\/adventismovivo.com.br\/en\/wp-json\/wp\/v2\/pages\/7925\/?cp=2\">2<\/a><\/li><li><a data-container='#content_wpdm_package_1' class=\"page-numbers\" href=\"https:\/\/adventismovivo.com.br\/en\/wp-json\/wp\/v2\/pages\/7925\/?cp=3\">3<\/a><\/li><li><span class=\"page-numbers dots\">&hellip;<\/span><\/li><li><a data-container='#content_wpdm_package_1' class=\"page-numbers\" href=\"https:\/\/adventismovivo.com.br\/en\/wp-json\/wp\/v2\/pages\/7925\/?cp=8\">8<\/a><\/li><li><a data-container='#content_wpdm_package_1' class=\"page-numbers\" href=\"https:\/\/adventismovivo.com.br\/en\/wp-json\/wp\/v2\/pages\/7925\/?cp=9\">9<\/a><\/li><li><a data-container='#content_wpdm_package_1' class=\"next page-numbers\" href=\"https:\/\/adventismovivo.com.br\/en\/wp-json\/wp\/v2\/pages\/7925\/?cp=2\"> <i style=\"display: inline-block;width: 8px;height: 8px;border-right: 2px solid;border-top: 2px solid;transform: rotate(45deg);margin-left: -2px;margin-top: -2px;\"><\/i> <\/a><\/li><\/ul><\/div><div style='clear:both'><\/div>        <\/div>\n\n        <div style='clear:both'><\/div>\n    <\/div>\n<\/div>\n<\/div>\n\t\t\t\t\t\t<\/div>\n\t\t\t\t\t<\/div>\n\t\t\t\t<\/div>\n\t\t\t\t<\/div>\n\t\t","protected":false},"excerpt":{"rendered":"","protected":false},"author":1,"featured_media":0,"parent":0,"menu_order":0,"comment_status":"closed","ping_status":"closed","template":"","meta":{"footnotes":""},"class_list":["post-7925","page","type-page","status-publish","hentry"],"aioseo_notices":[],"_links":{"self":[{"href":"https:\/\/adventismovivo.com.br\/en\/wp-json\/wp\/v2\/pages\/7925","targetHints":{"allow":["GET"]}}],"collection":[{"href":"https:\/\/adventismovivo.com.br\/en\/wp-json\/wp\/v2\/pages"}],"about":[{"href":"https:\/\/adventismovivo.com.br\/en\/wp-json\/wp\/v2\/types\/page"}],"author":[{"embeddable":true,"href":"https:\/\/adventismovivo.com.br\/en\/wp-json\/wp\/v2\/users\/1"}],"replies":[{"embeddable":true,"href":"https:\/\/adventismovivo.com.br\/en\/wp-json\/wp\/v2\/comments?post=7925"}],"version-history":[{"count":16,"href":"https:\/\/adventismovivo.com.br\/en\/wp-json\/wp\/v2\/pages\/7925\/revisions"}],"predecessor-version":[{"id":9528,"href":"https:\/\/adventismovivo.com.br\/en\/wp-json\/wp\/v2\/pages\/7925\/revisions\/9528"}],"wp:attachment":[{"href":"https:\/\/adventismovivo.com.br\/en\/wp-json\/wp\/v2\/media?parent=7925"}],"curies":[{"name":"wp","href":"https:\/\/api.w.org\/{rel}","templated":true}]}}